{"id":17,"date":"2024-12-13T10:59:00","date_gmt":"2024-12-13T09:59:00","guid":{"rendered":"http:\/\/davnstech.com\/index.php\/portfolio-page\/"},"modified":"2024-12-13T12:36:21","modified_gmt":"2024-12-13T11:36:21","slug":"portfolio-page","status":"publish","type":"page","link":"http:\/\/davnstech.com\/index.php\/portfolio-page\/","title":{"rendered":"Portfolio Page"},"content":{"rendered":"\n<main class=\"wp-block-group is-layout-flow wp-container-core-group-is-layout-5e28f8c7 wp-block-group-is-layout-flow\" style=\"margin-top:0;margin-bottom:0;padding-top:0;padding-right:0;padding-bottom:0;padding-left:0\">\n<div class=\"wp-block-group alignfull has-ti-bg-alt-background-color has-background is-layout-constrained wp-container-core-group-is-layout-ca21e7af wp-block-group-is-layout-constrained\" style=\"margin-top:0;margin-bottom:0;padding-top:var(--wp--preset--spacing--80);padding-right:var(--wp--preset--spacing--40);padding-bottom:var(--wp--preset--spacing--80);padding-left:var(--wp--preset--spacing--40)\">\n<h1 class=\"wp-block-heading alignwide has-text-align-center\">Portfolio<\/h1>\n<\/div>\n\n\n\n<div class=\"wp-block-group alignfull has-ti-bg-background-color has-background is-layout-constrained wp-block-group-is-layout-constrained\" style=\"margin-top:0;margin-bottom:0;padding-top:64px;padding-bottom:64px\">\n<h2 class=\"wp-block-heading alignwide has-text-align-left\">Traveaux en cours !<\/h2>\n\n\n\n<div class=\"wp-block-columns alignwide is-layout-flex wp-container-core-columns-is-layout-28f84493 wp-block-columns-is-layout-flex\">\n<div class=\"wp-block-column is-layout-flow wp-block-column-is-layout-flow\" style=\"padding-top:0;padding-right:0;padding-bottom:0;padding-left:0\"><\/div>\n<\/div>\n<\/div>\n\n\n\n<div class=\"wp-block-cover alignfull\" style=\"margin-top:0;margin-bottom:0;padding-top:24px;padding-right:24px;padding-bottom:24px;padding-left:24px;min-height:500px;aspect-ratio:unset;\"><span aria-hidden=\"true\" class=\"wp-block-cover__background has-ti-bg-inv-background-color has-background-dim-100 has-background-dim\"><\/span><div class=\"wp-block-cover__inner-container is-layout-flow wp-block-cover-is-layout-flow\">\n<div class=\"wp-block-group has-ti-fg-alt-color has-text-color is-layout-constrained wp-block-group-is-layout-constrained\">\n<h2 class=\"wp-block-heading alignwide has-text-align-center has-huge-font-size\">Transformons vos id\u00e9es en solutions innovantes<\/h2>\n\n\n\n<p class=\"has-text-align-center\">Forts d\u2019une expertise \u00e9prouv\u00e9e dans la cr\u00e9ation de sites web, nous ma\u00eetrisons des technologies allant de PHP \u00e0 TypeScript.<\/p>\n\n\n\n<p class=\"has-text-align-center\">Nos comp\u00e9tences en d\u00e9veloppement logiciel, du C++ au Java, nous permettent de concevoir des applications robustes et adapt\u00e9es \u00e0 vos besoins. <\/p>\n\n\n\n<p class=\"has-text-align-center\">Faites confiance \u00e0 notre \u00e9quipe qui combine exp\u00e9rience et innovation pour donner vie \u00e0 vos projets les plus ambitieux !<\/p>\n\n\n\n<div class=\"wp-block-buttons is-content-justification-center is-layout-flex wp-container-core-buttons-is-layout-a89b3969 wp-block-buttons-is-layout-flex\">\n<div class=\"wp-block-button\"><a class=\"wp-block-button__link wp-element-button\" href=\"http:\/\/davnstech.com\/index.php\/contact-page\/\">Plus d&rsquo;Info<\/a><\/div>\n<\/div>\n<\/div>\n<\/div><\/div>\n<\/main>\n","protected":false},"excerpt":{"rendered":"<p>Portfolio Traveaux en cours !<\/p>\n","protected":false},"author":1,"featured_media":0,"parent":0,"menu_order":0,"comment_status":"closed","ping_status":"closed","template":"template-plain","meta":{"_themeisle_gutenberg_block_has_review":false,"footnotes":""},"class_list":["post-17","page","type-page","status-publish","hentry"],"_links":{"self":[{"href":"http:\/\/davnstech.com\/index.php\/wp-json\/wp\/v2\/pages\/17","targetHints":{"allow":["GET"]}}],"collection":[{"href":"http:\/\/davnstech.com\/index.php\/wp-json\/wp\/v2\/pages"}],"about":[{"href":"http:\/\/davnstech.com\/index.php\/wp-json\/wp\/v2\/types\/page"}],"author":[{"embeddable":true,"href":"http:\/\/davnstech.com\/index.php\/wp-json\/wp\/v2\/users\/1"}],"replies":[{"embeddable":true,"href":"http:\/\/davnstech.com\/index.php\/wp-json\/wp\/v2\/comments?post=17"}],"version-history":[{"count":1,"href":"http:\/\/davnstech.com\/index.php\/wp-json\/wp\/v2\/pages\/17\/revisions"}],"predecessor-version":[{"id":48,"href":"http:\/\/davnstech.com\/index.php\/wp-json\/wp\/v2\/pages\/17\/revisions\/48"}],"wp:attachment":[{"href":"http:\/\/davnstech.com\/index.php\/wp-json\/wp\/v2\/media?parent=17"}],"curies":[{"name":"wp","href":"https:\/\/api.w.org\/{rel}","templated":true}]}}