{"id":19,"date":"2024-12-13T10:59:00","date_gmt":"2024-12-13T09:59:00","guid":{"rendered":"http:\/\/davnstech.com\/index.php\/contact-page\/"},"modified":"2024-12-13T12:31:26","modified_gmt":"2024-12-13T11:31:26","slug":"contact-page","status":"publish","type":"page","link":"http:\/\/davnstech.com\/index.php\/contact-page\/","title":{"rendered":"Contact Page"},"content":{"rendered":"\n<main class=\"wp-block-group is-layout-flow wp-container-core-group-is-layout-5e28f8c7 wp-block-group-is-layout-flow\" style=\"margin-top:0;margin-bottom:0;padding-top:0;padding-right:0;padding-bottom:0;padding-left:0\">\n<div class=\"wp-block-group alignfull has-ti-bg-alt-background-color has-background is-layout-constrained wp-container-core-group-is-layout-ca21e7af wp-block-group-is-layout-constrained\" style=\"margin-top:0;margin-bottom:0;padding-top:var(--wp--preset--spacing--80);padding-right:var(--wp--preset--spacing--40);padding-bottom:var(--wp--preset--spacing--80);padding-left:var(--wp--preset--spacing--40)\">\n<h1 class=\"wp-block-heading alignwide has-text-align-center\">Contact<\/h1>\n<\/div>\n\n\n\n<div class=\"wp-block-group alignfull animated backInUp is-layout-constrained wp-container-core-group-is-layout-e1639f40 wp-block-group-is-layout-constrained\" style=\"margin-top:0;margin-bottom:0;padding-top:var(--wp--preset--spacing--80);padding-right:var(--wp--preset--spacing--50);padding-bottom:var(--wp--preset--spacing--80);padding-left:var(--wp--preset--spacing--50)\">\n<div class=\"wp-block-columns alignwide is-layout-flex wp-container-core-columns-is-layout-f5a44f5b wp-block-columns-is-layout-flex\">\n<div class=\"wp-block-column is-vertically-aligned-top is-layout-flow wp-container-core-column-is-layout-9f77543f wp-block-column-is-layout-flow\">\n<h2 class=\"wp-block-heading\">Questions? On est la pour \u00e7a!<\/h2>\n\n\n\n<p style=\"text-decoration:underline\"><a href=\"mailto:contact@davnstech.com\" data-type=\"mailto\" data-id=\"mailto:contact@davnstech.com\">Contactez-nous par E-mail <\/a><\/p>\n<\/div>\n\n\n\n<div class=\"wp-block-column is-layout-flow wp-block-column-is-layout-flow\" style=\"flex-basis:66%\">\n<div class=\"wp-block-group has-ti-bg-alt-background-color has-background is-layout-constrained wp-block-group-is-layout-constrained\" style=\"padding-top:var(--wp--preset--spacing--40);padding-bottom:var(--wp--preset--spacing--40)\">\n<details class=\"wp-block-details is-layout-flow wp-block-details-is-layout-flow\"><summary>Quels services proposez-vous ?<\/summary>\n<p>Nous offrons une gamme compl\u00e8te de services, incluant la cr\u00e9ation de sites web, le d\u00e9veloppement de logiciels sur mesure, la conception de jeux vid\u00e9o, ainsi que l\u2019accompagnement en conception de produits. <\/p>\n\n\n\n<p>Notre expertise couvre \u00e9galement la maintenance et le support pour vos projets.<\/p>\n<\/details>\n<\/div>\n\n\n\n<div class=\"wp-block-group has-ti-bg-alt-background-color has-background is-layout-constrained wp-block-group-is-layout-constrained\" style=\"padding-top:var(--wp--preset--spacing--40);padding-bottom:var(--wp--preset--spacing--40)\">\n<details class=\"wp-block-details is-layout-flow wp-block-details-is-layout-flow\"><summary>Comment puis-je planifier une consultation ?<\/summary>\n<p>C\u2019est simple ! <br>Contactez-nous par email, et notre \u00e9quipe vous r\u00e9pondra rapidement pour organiser un rendez-vous adapt\u00e9 \u00e0 vos besoins !<\/p>\n<\/details>\n<\/div>\n\n\n\n<div class=\"wp-block-group has-ti-bg-alt-background-color has-background is-layout-constrained wp-block-group-is-layout-constrained\" style=\"padding-top:var(--wp--preset--spacing--40);padding-bottom:var(--wp--preset--spacing--40)\">\n<details class=\"wp-block-details is-layout-flow wp-block-details-is-layout-flow\"><summary>\u00c0 quoi puis-je m&rsquo;attendre lors de la consultation initiale ?<\/summary>\n<p>Lors de la premi\u00e8re consultation, nous analysons vos besoins, explorons vos id\u00e9es, et d\u00e9finissons ensemble les meilleures solutions pour atteindre vos objectifs. <br><br>Nous veillons \u00e0 ce que chaque \u00e9tape soit claire et align\u00e9e sur vos attentes.<\/p>\n<\/details>\n<\/div>\n\n\n\n<div class=\"wp-block-group has-ti-bg-alt-background-color has-background is-layout-constrained wp-block-group-is-layout-constrained\" style=\"padding-top:var(--wp--preset--spacing--40);padding-bottom:var(--wp--preset--spacing--40)\">\n<details class=\"wp-block-details is-layout-flow wp-block-details-is-layout-flow\"><summary>Un support personnalis\u00e9 apr\u00e8s le projet ?<\/summary>\n<p>Absolument ! <br>Nous sommes disponibles pour vous accompagner apr\u00e8s la livraison. <br><br>Que ce soit pour des mises \u00e0 jour, des ajustements, ou simplement des conseils, notre \u00e9quipe reste \u00e0 votre disposition.<\/p>\n<\/details>\n<\/div>\n<\/div>\n<\/div>\n<\/div>\n\n\n\n<div class=\"wp-block-group alignfull is-layout-constrained wp-container-core-group-is-layout-e1639f40 wp-block-group-is-layout-constrained\" style=\"margin-top:0;margin-bottom:0;padding-top:var(--wp--preset--spacing--80);padding-right:var(--wp--preset--spacing--50);padding-bottom:var(--wp--preset--spacing--80);padding-left:var(--wp--preset--spacing--50)\"><\/div>\n\n\n\n<div class=\"wp-block-group alignfull has-ti-bg-alt-background-color has-background is-layout-constrained wp-container-core-group-is-layout-b42db63c wp-block-group-is-layout-constrained\" style=\"margin-top:0;margin-bottom:0;padding-top:var(--wp--preset--spacing--80);padding-right:var(--wp--preset--spacing--50);padding-bottom:var(--wp--preset--spacing--80);padding-left:var(--wp--preset--spacing--50)\">\n<div class=\"wp-block-group alignwide animated bounceIn has-ti-fg-alt-color has-ti-bg-inv-background-color has-text-color has-background has-link-color wp-elements-b2a1d4e775f0c0b7a07fa77511db164c is-layout-constrained wp-container-core-group-is-layout-94e519ba wp-block-group-is-layout-constrained\" style=\"border-radius:16px;padding-top:var(--wp--preset--spacing--80);padding-right:var(--wp--preset--spacing--40);padding-bottom:var(--wp--preset--spacing--80);padding-left:var(--wp--preset--spacing--40)\">\n<h2 class=\"wp-block-heading has-text-align-center has-small-font-size\">Besoin d&rsquo;une solution sur mesure ? Parlons-en !<\/h2>\n\n\n\n<p class=\"has-text-align-center\">Que ce soit pour un projet de d\u00e9veloppement, la cr\u00e9ation d&rsquo;un site web, ou l&rsquo;accompagnement sur une id\u00e9e ambitieuse, notre \u00e9quipe est l\u00e0 pour vous aider \u00e0 concr\u00e9tiser vos objectifs avec des solutions innovantes et adapt\u00e9es.<\/p>\n\n\n\n<p class=\"has-text-align-center has-large-font-size\">(+33) 09 72 11 99 20<br><a href=\"mailto:contact@davnstech.com\" target=\"_blank\" rel=\"noreferrer noopener\">contact@davnstech.com<\/a><\/p>\n<\/div>\n<\/div>\n<\/main>\n","protected":false},"excerpt":{"rendered":"<p>Contact Questions? On est la pour \u00e7a! Contactez-nous par E-mail Besoin d&rsquo;une solution sur mesure ? Parlons-en ! Que ce soit pour un projet de d\u00e9veloppement, la cr\u00e9ation d&rsquo;un site web, ou l&rsquo;accompagnement sur une id\u00e9e ambitieuse, notre \u00e9quipe est l\u00e0 pour vous aider \u00e0 concr\u00e9tiser vos objectifs avec des solutions innovantes et adapt\u00e9es. (+33) [&hellip;]<\/p>\n","protected":false},"author":1,"featured_media":0,"parent":0,"menu_order":0,"comment_status":"closed","ping_status":"closed","template":"template-plain","meta":{"_themeisle_gutenberg_block_has_review":false,"footnotes":""},"class_list":["post-19","page","type-page","status-publish","hentry"],"_links":{"self":[{"href":"http:\/\/davnstech.com\/index.php\/wp-json\/wp\/v2\/pages\/19","targetHints":{"allow":["GET"]}}],"collection":[{"href":"http:\/\/davnstech.com\/index.php\/wp-json\/wp\/v2\/pages"}],"about":[{"href":"http:\/\/davnstech.com\/index.php\/wp-json\/wp\/v2\/types\/page"}],"author":[{"embeddable":true,"href":"http:\/\/davnstech.com\/index.php\/wp-json\/wp\/v2\/users\/1"}],"replies":[{"embeddable":true,"href":"http:\/\/davnstech.com\/index.php\/wp-json\/wp\/v2\/comments?post=19"}],"version-history":[{"count":1,"href":"http:\/\/davnstech.com\/index.php\/wp-json\/wp\/v2\/pages\/19\/revisions"}],"predecessor-version":[{"id":45,"href":"http:\/\/davnstech.com\/index.php\/wp-json\/wp\/v2\/pages\/19\/revisions\/45"}],"wp:attachment":[{"href":"http:\/\/davnstech.com\/index.php\/wp-json\/wp\/v2\/media?parent=19"}],"curies":[{"name":"wp","href":"https:\/\/api.w.org\/{rel}","templated":true}]}}